{"id":11,"date":"2019-07-13T15:09:01","date_gmt":"2019-07-13T19:09:01","guid":{"rendered":"http:\/\/nuevacapmar.cl\/?page_id=11"},"modified":"2019-08-29T20:38:08","modified_gmt":"2019-08-30T00:38:08","slug":"empresa","status":"publish","type":"page","link":"https:\/\/nuevacapmar.cl\/index.php\/empresa\/","title":{"rendered":"Empresa"},"content":{"rendered":"\n<div class=\"wp-block-cover aligncenter has-background-dim\" style=\"background-image:url(https:\/\/nuevacapmar.cl\/wp-content\/uploads\/2019\/08\/LBY_4565.jpg)\"><div class=\"wp-block-cover__inner-container is-layout-flow wp-block-cover-is-layout-flow\">\n<p style=\"text-align:center\" class=\"has-large-font-size\"><\/p>\n<\/div><\/div>\n\n\n\n\t\t\t\t\t\t<style>\r\n\t\t\t\t\r\n\t\t\t\t\t#tab_container_75 {\r\n\toverflow:hidden;\r\n\tdisplay:block;\r\n\twidth:100%;\r\n\tborder:0px solid #ddd;\r\n\tmargin-bottom:30px;\r\n\t}\r\n\r\n#tab_container_75 .tab-content{\r\n\tpadding:20px;\r\n\tborder: 1px solid #e6e6e6 !important;\r\n\tmargin-top: 0px;\r\n\tbackground-color:#ffffff !important;\r\n\tcolor: #000000 !important;\r\n\tfont-size:16px !important;\r\n\tfont-family: Open Sans !important;\r\n\t\r\n\t\tborder: 1px solid #e6e6e6 !important;\r\n\t}\r\n#tab_container_75 .wpsm_nav-tabs {\r\n    border-bottom: 0px solid #ddd;\r\n}\r\n#tab_container_75 .wpsm_nav-tabs > li.active > a, #tab_container_75 .wpsm_nav-tabs > li.active > a:hover, #tab_container_75 .wpsm_nav-tabs > li.active > a:focus {\r\n\tcolor: #000000 !important;\r\n\tcursor: default;\r\n\tbackground-color: #ffffff !important;\r\n\tborder: 1px solid #e6e6e6 !important;\r\n}\r\n\r\n#tab_container_75 .wpsm_nav-tabs > li > a {\r\n    margin-right: 0px !important; \r\n    line-height: 1.42857143 !important;\r\n    border: 1px solid #d5d5d5 !important;\r\n    border-radius: 0px 0px 0 0 !important; \r\n\tbackground-color: #e8e8e8 !important;\r\n\tcolor: #000000 !important;\r\n\tpadding: 15px 18px 15px 18px !important;\r\n\ttext-decoration: none !important;\r\n\tfont-size: 14px !important;\r\n\ttext-align:center !important;\r\n\tfont-family: Open Sans !important;\r\n}\r\n#tab_container_75 .wpsm_nav-tabs > li > a:focus {\r\noutline: 0px !important;\r\n}\r\n\r\n#tab_container_75 .wpsm_nav-tabs > li > a:before {\r\n\tdisplay:none !important;\r\n}\r\n#tab_container_75 .wpsm_nav-tabs > li > a:after {\r\n\tdisplay:none !important ;\r\n}\r\n#tab_container_75 .wpsm_nav-tabs > li{\r\npadding:0px !important ;\r\nmargin:0px;\r\n}\r\n\r\n#tab_container_75 .wpsm_nav-tabs > li > a:hover , #tab_container_75 .wpsm_nav-tabs > li > a:focus {\r\n    color: #000000 !important;\r\n    background-color: #e8e8e8 !important;\r\n\tborder: 1px solid #d5d5d5 !important;\r\n\t\r\n}\r\n#tab_container_75 .wpsm_nav-tabs > li > a .fa{\r\n\r\nmargin-right:5px !important;\r\n\r\nmargin-left:5px !important;\r\n\r\n\r\n}\r\n\r\n\t\t#tab_container_75 .wpsm_nav-tabs a{\r\n\t\t\tbackground-image: url(https:\/\/nuevacapmar.cl\/wp-content\/plugins\/tabs-responsive\/assets\/images\/style-soft.png);\r\n\t\t\tbackground-position: 0 0;\r\n\t\t\tbackground-repeat: repeat-x;\r\n\t\t}\r\n\t\t\t\r\n\r\n\r\n#tab_container_75 .wpsm_nav-tabs > li {\r\n    float: left;\r\n    margin-bottom: -1px !important;\r\n\tmargin-right:0px !important; \r\n}\r\n\r\n\r\n#tab_container_75 .tab-content{\r\noverflow:hidden !important;\r\n}\r\n\r\n\r\n@media (min-width: 769px) {\r\n\r\n\t#tab_container_75 .wpsm_nav-tabs > li{\r\n\tfloat:none !important;\r\n\t\tmargin-right:-1px !important;\r\n\t\t\t}\r\n\t#tab_container_75 .wpsm_nav-tabs{\r\n\tfloat:left !important;\r\n\tmargin:0px !important;\r\n\t}\r\n}\r\n\r\n#tab_container_75 .wpsm_nav-tabs > li {\r\n    \t\r\n}\r\n#tab_container_75 .wpsm_nav{\r\n\t}\r\n\r\n\r\n@media (max-width: 768px) {\r\n\t#tab_container_75 .wpsm_nav-tabs > li {\r\n\t\t\t\t\r\n\t}\r\n\t#tab_container_75 .wpsm_nav{\r\n\t\t\t}\r\n}\r\n\r\n\r\n\t.wpsm_nav-tabs li:before{\r\n\t\tdisplay:none !important;\r\n\t}\r\n\r\n\t@media (max-width: 768px) {\r\n\t\t\t\t\r\n\t\t\t\t.wpsm_nav-tabs{\r\n\t\t\tmargin-left:0px !important;\r\n\t\t\tmargin-right:0px !important; \r\n\t\t\t\r\n\t\t}\r\n\t\t\t\t#tab_container_75 .wpsm_nav-tabs > li{\r\n\t\t\tfloat:none !important;\r\n\t\t}\r\n\t\t\t\r\n\t}\t\t\t\t<\/style>\r\n\t\t\t\t<div id=\"tab_container_75\" >\r\n\t \r\n\t\t\t\t\t<ul class=\"wpsm_nav wpsm_nav-tabs\" role=\"tablist\" id=\"myTab_75\">\r\n\t\t\t\t\t\t\t\r\n\t\t\t\t\t\t\t<li role=\"presentation\"  class=\"active\"  onclick=\"do_resize()\">\r\n\t\t\t\t\t\t\t\t<a href=\"#tabs_desc_75_1\" aria-controls=\"tabs_desc_75_1\" role=\"tab\" data-toggle=\"tab\">\r\n\t\t\t\t\t\t\t\t\t\r\n\t\t\t\t\t\t\t\t\t\t\t\t\t\t\t\t\t\t\t\t\t\t\t\t\t\t\t\t\t\t\t<i class=\"fa fa-align-justify\"><\/i> \t\t\t\t\t\t\t\t\t\t\t\t\t\t\t\t\t\t\t\r\n\t\t\t\t\t\t\t\t\t\t\t\t\t\t\t\t\t\t\r\n\t\t\t\t\t\t\t\t\t<span>Sobre Nosotros<\/span>\r\n\t\t\t\t\t\t\t\t\t\r\n\t\t\t\t\t\t\t\t\t\t\t\t\t\t\t\t\t\t\r\n\t\t\t\t\t\t\t\t\t\t\t\t\t\t\t\t\t\t\t\t\r\n\t\t\t\t\t\t\t\t\t\r\n\t\t\t\t\t\t\t\t<\/a>\r\n\t\t\t\t\t\t\t<\/li>\r\n\t\t\t\t\t\t\t\r\n\t\t\t\t\t\t\t<li role=\"presentation\"  onclick=\"do_resize()\">\r\n\t\t\t\t\t\t\t\t<a href=\"#tabs_desc_75_2\" aria-controls=\"tabs_desc_75_2\" role=\"tab\" data-toggle=\"tab\">\r\n\t\t\t\t\t\t\t\t\t\r\n\t\t\t\t\t\t\t\t\t\t\t\t\t\t\t\t\t\t\t\t\t\t\t\t\t\t\t\t\t\t\t<i class=\"fa fa-history\"><\/i> \t\t\t\t\t\t\t\t\t\t\t\t\t\t\t\t\t\t\t\r\n\t\t\t\t\t\t\t\t\t\t\t\t\t\t\t\t\t\t\r\n\t\t\t\t\t\t\t\t\t<span>Historia<\/span>\r\n\t\t\t\t\t\t\t\t\t\r\n\t\t\t\t\t\t\t\t\t\t\t\t\t\t\t\t\t\t\r\n\t\t\t\t\t\t\t\t\t\t\t\t\t\t\t\t\t\t\t\t\r\n\t\t\t\t\t\t\t\t\t\r\n\t\t\t\t\t\t\t\t<\/a>\r\n\t\t\t\t\t\t\t<\/li>\r\n\t\t\t\t\t\t\t\r\n\t\t\t\t\t\t\t<li role=\"presentation\"  onclick=\"do_resize()\">\r\n\t\t\t\t\t\t\t\t<a href=\"#tabs_desc_75_3\" aria-controls=\"tabs_desc_75_3\" role=\"tab\" data-toggle=\"tab\">\r\n\t\t\t\t\t\t\t\t\t\r\n\t\t\t\t\t\t\t\t\t\t\t\t\t\t\t\t\t\t\t\t\t\t\t\t\t\t\t\t\t\t\t<i class=\"fa fa-file-text-o\"><\/i> \t\t\t\t\t\t\t\t\t\t\t\t\t\t\t\t\t\t\t\r\n\t\t\t\t\t\t\t\t\t\t\t\t\t\t\t\t\t\t\r\n\t\t\t\t\t\t\t\t\t<span>Certificados<\/span>\r\n\t\t\t\t\t\t\t\t\t\r\n\t\t\t\t\t\t\t\t\t\t\t\t\t\t\t\t\t\t\r\n\t\t\t\t\t\t\t\t\t\t\t\t\t\t\t\t\t\t\t\t\r\n\t\t\t\t\t\t\t\t\t\r\n\t\t\t\t\t\t\t\t<\/a>\r\n\t\t\t\t\t\t\t<\/li>\r\n\t\t\t\t\t\t\t\t\t\t\t <\/ul>\r\n\r\n\t\t\t\t\t  <!-- Tab panes -->\r\n\t\t\t\t\t  <div class=\"tab-content\" id=\"tab-content_75\">\r\n\t\t\t\t\t\t\t\t\t\t\t\t <div role=\"tabpanel\" class=\"tab-pane  in active \" id=\"tabs_desc_75_1\">\r\n\t\t\t\t\t\t\t\t<p style=\"text-align: justify;\"><span data-removefontsize=\"true\" data-originalcomputedfontsize=\"16\">Nueva CAPMAR Ltda. se encuentra hoy consolidada como OTEC l\u00edder en la Regi\u00f3n de Valpara\u00edso, Chile. Los a\u00f1os de experiencia en Capacitaci\u00f3n Mar\u00edtima, acompa\u00f1ados de un destacado equipo de Profesionales, Profesores e Instructores les ha permitido ganarse el respeto y reconocimiento de sus Alumnos, Empresas Navieras, Compa\u00f1\u00edas de Cruceros y Autoridad Mar\u00edtima. Nueva CAPMAR Ltda. pone a disposici\u00f3n de sus Alumnos sus propias Instalaciones y equipamientos para ense\u00f1ar y evaluar ejercicios pr\u00e1cticos de Supervivencia en el Mar as\u00ed como Lucha contra Incendios. Mantener este liderazgo es nuestro desaf\u00edo, y la satisfacci\u00f3n de nuestros alumnos nuestro principal objetivo de Calidad.<\/span><\/p>\t\t\t\t\t\t <\/div>\r\n\t\t\t\t\t\t\t\t\t\t\t\t <div role=\"tabpanel\" class=\"tab-pane \" id=\"tabs_desc_75_2\">\r\n\t\t\t\t\t\t\t\t<p style=\"text-align: center;\"><b>Nueva CAPMAR Ltda.<\/b><\/p>\r\n<p style=\"text-align: center;\"><b>RESE\u00d1A HIST\u00d3RICA<\/b><\/p>\r\n<p style=\"text-align: justify;\"><b>\u201cServicios de Capacitaci\u00f3n CAPMAR Ltda.\u201d o \u201cNueva CAPMAR Ltda.\u201d<\/b><span style=\"font-weight: 400;\"> nace en 2016 como continuadora natural de \u201cNueva CAPMAR E.I.R.L.\u201d con el objetivo de encausar y potenciar de la mejor forma, la exitosa y tradicional Gesti\u00f3n en Capacitaci\u00f3n Mar\u00edtima que, desde 1995, ven\u00eda realizando CAPMAR LTDA.<\/span><\/p>\r\n<p style=\"text-align: justify;\"><span style=\"font-weight: 400;\">Es as\u00ed como en Abril de 2019 Nueva CAPMAR Ltda. obtiene certificaci\u00f3n de su Sistema de Gesti\u00f3n de Calidad bajo la Norma Chilena de Calidad NCh2728:2015, habiendo ya obtenido en 2018, por Resoluci\u00f3n exenta N\u00ba 811 del SENCE, la autorizaci\u00f3n para operar como Organismo T\u00e9cnico de Capacitaci\u00f3n, y por Resoluci\u00f3n D.G.T.M. y M.M. ordinario N\u00ba 12.600\/01\/593 vrs., la aprobaci\u00f3n y autorizaci\u00f3n de DIRECTEMAR para impartir CURSOS MODELO OMI.<\/span><\/p>\r\n<p style=\"text-align: justify;\"><span style=\"font-weight: 400;\">Nueva CAPMAR Ltda. ha llegado a constituirse en el principal Centro de Capacitaci\u00f3n para Tripulantes y Aspirantes a la Marina Mercante Nacional.<\/span><\/p>\r\n<p style=\"text-align: justify;\"><span style=\"font-weight: 400;\">Honrando a ese status alcanzado en su larga trayectoria desarrollada en Valpara\u00edso, es que hoy se encuentra abocada a expandir sus actividades de Capacitaci\u00f3n a lo largo del Pa\u00eds y al dise\u00f1o de la Plataforma que permitir\u00e1 implementar un aula virtual, con el objeto de ofrecer actividades de Capacitaci\u00f3n en la modalidad \u201cOn Line\u201d, v\u00eda Internet, que permitir\u00e1 a quienes as\u00ed lo requieran efectuar sus cursos obligatorios desde cualquier parte del mundo. Lo anterior forma parte de una de las premisas de Nueva Capmar LTDA., que dice relaci\u00f3n con facilitar la capacitaci\u00f3n de los tripulantes en cuanto a profundizar en los aspectos de seguridad a bordo de las naves, que exige la Organizaci\u00f3n Mar\u00edtima Mundial (O.M.I).<\/span><\/p>\r\n<p style=\"text-align: justify;\"><span style=\"font-weight: 400;\">La Gesti\u00f3n de CAPMAR se establece y ejecuta en conformidad a la Norma Chilena de Calidad NCh 2728of2015.<\/span><\/p>\r\n<p style=\"text-align: justify;\"><span style=\"font-weight: 400;\">La Alta Direcci\u00f3n de la Organizaci\u00f3n est\u00e1 conformada por sus socios:<\/span><\/p>\r\n\r\n<ul style=\"text-align: justify;\">\r\n \t<li style=\"font-weight: 400;\"><b>Jorge Vielma Valenzuela<\/b><span style=\"font-weight: 400;\">: Director, Gestor y Fundador de la Organizaci\u00f3n fundada en 1995.<\/span><\/li>\r\n \t<li style=\"font-weight: 400;\"><b>Jorge Vielma Mancilla<\/b><span style=\"font-weight: 400;\">: Gerente y Representante Legal de \u201cServicios de Capacitaci\u00f3n CAPMAR Ltda.\u201d<\/span><\/li>\r\n<\/ul>\r\n<p style=\"text-align: justify;\"><span style=\"font-weight: 400;\">Ambos, Padre e Hijo, estrechamente vinculados con la Armada de Chile, Instituci\u00f3n que los form\u00f3 y a la que entregaron m\u00e1s de 30 a\u00f1os de servicio cada uno, siendo esta instituci\u00f3n parte muy importante de sus vidas.<\/span><\/p>\t\t\t\t\t\t <\/div>\r\n\t\t\t\t\t\t\t\t\t\t\t\t <div role=\"tabpanel\" class=\"tab-pane \" id=\"tabs_desc_75_3\">\r\n\t\t\t\t\t\t\t\t<img loading=\"lazy\" decoding=\"async\" src=\"http:\/\/nuevacapmar.cl\/wp-content\/uploads\/2019\/07\/Certificado-NCh2728.2015-Nueva-CAPMAR-Ltda.-2019.-1.jpg\" alt=\"\" width=\"1652\" height=\"2152\" class=\"alignnone size-full wp-image-186\" srcset=\"https:\/\/nuevacapmar.cl\/wp-content\/uploads\/2019\/07\/Certificado-NCh2728.2015-Nueva-CAPMAR-Ltda.-2019.-1.jpg 1652w, https:\/\/nuevacapmar.cl\/wp-content\/uploads\/2019\/07\/Certificado-NCh2728.2015-Nueva-CAPMAR-Ltda.-2019.-1-230x300.jpg 230w, https:\/\/nuevacapmar.cl\/wp-content\/uploads\/2019\/07\/Certificado-NCh2728.2015-Nueva-CAPMAR-Ltda.-2019.-1-768x1000.jpg 768w, https:\/\/nuevacapmar.cl\/wp-content\/uploads\/2019\/07\/Certificado-NCh2728.2015-Nueva-CAPMAR-Ltda.-2019.-1-786x1024.jpg 786w, https:\/\/nuevacapmar.cl\/wp-content\/uploads\/2019\/07\/Certificado-NCh2728.2015-Nueva-CAPMAR-Ltda.-2019.-1-700x912.jpg 700w, https:\/\/nuevacapmar.cl\/wp-content\/uploads\/2019\/07\/Certificado-NCh2728.2015-Nueva-CAPMAR-Ltda.-2019.-1-410x534.jpg 410w, https:\/\/nuevacapmar.cl\/wp-content\/uploads\/2019\/07\/Certificado-NCh2728.2015-Nueva-CAPMAR-Ltda.-2019.-1-100x130.jpg 100w, https:\/\/nuevacapmar.cl\/wp-content\/uploads\/2019\/07\/Certificado-NCh2728.2015-Nueva-CAPMAR-Ltda.-2019.-1-275x358.jpg 275w\" sizes=\"(max-width: 1652px) 100vw, 1652px\" \/>\t\t\t\t\t\t <\/div>\r\n\t\t\t\t\t\t\t\r\n\t\t\t\t\t <\/div>\r\n\t\t\t\t\t \r\n\t\t\t\t <\/div>\r\n <script>\r\n\t\tjQuery(function () {\r\n\t\t\tjQuery('#myTab_75 a:first').tab('show')\r\n\t\t});\r\n\t\t\r\n\t\t\t\tjQuery(function(){\r\n\t\t\tvar b=\"fadeIn\";\r\n\t\t\tvar c;\r\n\t\t\tvar a;\r\n\t\t\td(jQuery(\"#myTab_75 a\"),jQuery(\"#tab-content_75\"));function d(e,f,g){\r\n\t\t\t\te.click(function(i){\r\n\t\t\t\t\ti.preventDefault();\r\n\t\t\t\t\tjQuery(this).tab(\"show\");\r\n\t\t\t\t\tvar h=jQuery(this).data(\"easein\");\r\n\t\t\t\t\tif(c){c.removeClass(a);}\r\n\t\t\t\t\tif(h){f.find(\"div.active\").addClass(\"animated \"+h);a=h;}\r\n\t\t\t\t\telse{if(g){f.find(\"div.active\").addClass(\"animated \"+g);a=g;}else{f.find(\"div.active\").addClass(\"animated \"+b);a=b;}}c=f.find(\"div.active\");\r\n\t\t\t\t});\r\n\t\t\t}\r\n\t\t});\r\n\t\t\r\n\r\n\t\tfunction do_resize(){\r\n\r\n\t\t\tvar width=jQuery( '.tab-content .tab-pane iframe' ).width();\r\n\t\t\tvar height=jQuery( '.tab-content .tab-pane iframe' ).height();\r\n\r\n\t\t\tvar toggleSize = true;\r\n\t\t\tjQuery('iframe').animate({\r\n\t\t\t    width: toggleSize ? width : 640,\r\n\t\t\t    height: toggleSize ? height : 360\r\n\t\t\t  }, 250);\r\n\r\n\t\t\t  toggleSize = !toggleSize;\r\n\t\t}\r\n\r\n\r\n\t<\/script>\r\n\t\t\t\t\r\n\t\t\t\n","protected":false},"excerpt":{"rendered":"","protected":false},"author":1,"featured_media":0,"parent":0,"menu_order":0,"comment_status":"closed","ping_status":"closed","template":"page-templates\/page_fullwidth.php","meta":{"footnotes":""},"_links":{"self":[{"href":"https:\/\/nuevacapmar.cl\/index.php\/wp-json\/wp\/v2\/pages\/11"}],"collection":[{"href":"https:\/\/nuevacapmar.cl\/index.php\/wp-json\/wp\/v2\/pages"}],"about":[{"href":"https:\/\/nuevacapmar.cl\/index.php\/wp-json\/wp\/v2\/types\/page"}],"author":[{"embeddable":true,"href":"https:\/\/nuevacapmar.cl\/index.php\/wp-json\/wp\/v2\/users\/1"}],"replies":[{"embeddable":true,"href":"https:\/\/nuevacapmar.cl\/index.php\/wp-json\/wp\/v2\/comments?post=11"}],"version-history":[{"count":11,"href":"https:\/\/nuevacapmar.cl\/index.php\/wp-json\/wp\/v2\/pages\/11\/revisions"}],"predecessor-version":[{"id":343,"href":"https:\/\/nuevacapmar.cl\/index.php\/wp-json\/wp\/v2\/pages\/11\/revisions\/343"}],"wp:attachment":[{"href":"https:\/\/nuevacapmar.cl\/index.php\/wp-json\/wp\/v2\/media?parent=11"}],"curies":[{"name":"wp","href":"https:\/\/api.w.org\/{rel}","templated":true}]}}