{"id":514,"date":"2024-04-02T02:07:53","date_gmt":"2024-04-02T06:07:53","guid":{"rendered":"https:\/\/nuevacapmar.cl\/?page_id=514"},"modified":"2024-04-03T01:10:52","modified_gmt":"2024-04-03T05:10:52","slug":"resoluciones","status":"publish","type":"page","link":"https:\/\/nuevacapmar.cl\/index.php\/resoluciones\/","title":{"rendered":"Resoluciones"},"content":{"rendered":"\n<div class=\"wp-block-cover aligncenter is-light\"><span aria-hidden=\"true\" class=\"wp-block-cover__background has-background-dim\"><\/span><img loading=\"lazy\" decoding=\"async\" width=\"1024\" height=\"683\" class=\"wp-block-cover__image-background wp-image-531\" alt=\"\" src=\"https:\/\/nuevacapmar.cl\/wp-content\/uploads\/2024\/04\/52171670322_4cf065b8f1_b.jpg\" data-object-fit=\"cover\" srcset=\"https:\/\/nuevacapmar.cl\/wp-content\/uploads\/2024\/04\/52171670322_4cf065b8f1_b.jpg 1024w, https:\/\/nuevacapmar.cl\/wp-content\/uploads\/2024\/04\/52171670322_4cf065b8f1_b-300x200.jpg 300w, https:\/\/nuevacapmar.cl\/wp-content\/uploads\/2024\/04\/52171670322_4cf065b8f1_b-768x512.jpg 768w, https:\/\/nuevacapmar.cl\/wp-content\/uploads\/2024\/04\/52171670322_4cf065b8f1_b-700x467.jpg 700w, https:\/\/nuevacapmar.cl\/wp-content\/uploads\/2024\/04\/52171670322_4cf065b8f1_b-410x273.jpg 410w, https:\/\/nuevacapmar.cl\/wp-content\/uploads\/2024\/04\/52171670322_4cf065b8f1_b-100x67.jpg 100w, https:\/\/nuevacapmar.cl\/wp-content\/uploads\/2024\/04\/52171670322_4cf065b8f1_b-275x183.jpg 275w\" sizes=\"(max-width: 1024px) 100vw, 1024px\" \/><div class=\"wp-block-cover__inner-container is-layout-flow wp-block-cover-is-layout-flow\">\n<p class=\"has-text-align-center has-large-font-size\"><\/p>\n<\/div><\/div>\n\n\n<h3 align=\"center\">\u00a0<\/h3>\n<h3 align=\"center\"><strong>Bienvenidos al Centro de resoluciones de CAPMAR<\/strong><\/h3>\n<p>En esta secci\u00f3n encontrar\u00e1s las resoluciones de los cursos aprobados por la autoridad mar\u00edtima, junto con nuestro certificado de calidad NCh2728 y el certificado de vigencia de SENCE. Cada documento est\u00e1 disponible para su consulta y descarga con el fin de garantizar la transparencia y facilitar el acceso a la informaci\u00f3n relevante para nuestros usuarios y partes interesadas.<\/p>\n<p>Para descargar un documento, simplemente haz clic en el enlace correspondiente. Si necesitas asistencia adicional o tienes preguntas espec\u00edficas sobre los documentos disponibles, no dudes en contactarnos.<\/p>\n<p>Agradecemos tu visita y el inter\u00e9s en nuestro compromiso con la excelencia y la conformidad regulatoria.<\/p>\n\n<ul>\n<li><strong>CERTIFICADO NCh2728-2015 <br \/><\/strong> <a href=\"https:\/\/nuevacapmar.cl\/wp-content\/uploads\/2024\/04\/CERTIFICADO-NCh2728-2015.pdf\" data-type=\"link\" data-id=\"https:\/\/nuevacapmar.cl\/wp-content\/uploads\/2024\/04\/CERTIFICADO-NCh2728-2015.pdf\">Ver PDF<\/a><\/li>\n<li><strong>CERTIFICADO<\/strong> <strong>Vigencia OTEC<\/strong> <br \/><a href=\"https:\/\/nuevacapmar.cl\/wp-content\/uploads\/2024\/04\/CertificadoVigenciaOTEC-76599892.pdf\" data-type=\"link\" data-id=\"https:\/\/nuevacapmar.cl\/wp-content\/uploads\/2024\/04\/CertificadoVigenciaOTEC-76599892.pdf\">Ver PDF<\/a><\/li>\n<li><strong>CURSOS DE FORMACI\u00f3N<\/strong> <br \/><a href=\"https:\/\/nuevacapmar.cl\/wp-content\/uploads\/2024\/04\/CURSOS-DE-FORMACION.pdf\" data-type=\"link\" data-id=\"https:\/\/nuevacapmar.cl\/wp-content\/uploads\/2024\/04\/CURSOS-DE-FORMACION.pdf\">Ver PDF<\/a><\/li>\n<li><strong>RESOLUCION CURSOS (1.19 &#8211; 1.20 &#8211; 1.21 &#8211; 1.28 &#8211; 1.29 &#8211; 3.26 &#8211; 3.27)<\/strong> <br \/><a href=\"https:\/\/nuevacapmar.cl\/wp-content\/uploads\/2024\/04\/RESOLUCION-1.19-1.20-1.21-1.28-1.29-3.26-3.27.pdf\" data-type=\"link\" data-id=\"https:\/\/nuevacapmar.cl\/wp-content\/uploads\/2024\/04\/RESOLUCION-1.19-1.20-1.21-1.28-1.29-3.26-3.27.pdf\">Ver PDF<\/a><\/li>\n<li><strong>RESOLUCION CURSO 1.13<\/strong> <br \/><a href=\"https:\/\/nuevacapmar.cl\/wp-content\/uploads\/2024\/04\/RESOLUCION-1.13.pdf\" data-type=\"link\" data-id=\"https:\/\/nuevacapmar.cl\/wp-content\/uploads\/2024\/04\/RESOLUCION-1.13.pdf\">Ver PDF<\/a><\/li>\n<li><strong>RESOLUCION CURSO 3.21<\/strong> <br \/><a href=\"https:\/\/nuevacapmar.cl\/wp-content\/uploads\/2024\/04\/RESOLUCION-3.21.pdf\">Ver PDF<\/a><\/li>\n<\/ul>","protected":false},"excerpt":{"rendered":"<p>\u00a0 Bienvenidos al Centro de resoluciones de CAPMAR En esta secci\u00f3n encontrar\u00e1s las resoluciones de los cursos aprobados por la autoridad mar\u00edtima, junto con nuestro certificado de calidad NCh2728 y el certificado de vigencia de SENCE. Cada documento est\u00e1 disponible para su consulta y descarga con el fin de garantizar la transparencia y facilitar el [&hellip;]<\/p>\n","protected":false},"author":2,"featured_media":0,"parent":0,"menu_order":0,"comment_status":"closed","ping_status":"closed","template":"page-templates\/page_fullwidth.php","meta":{"footnotes":""},"_links":{"self":[{"href":"https:\/\/nuevacapmar.cl\/index.php\/wp-json\/wp\/v2\/pages\/514"}],"collection":[{"href":"https:\/\/nuevacapmar.cl\/index.php\/wp-json\/wp\/v2\/pages"}],"about":[{"href":"https:\/\/nuevacapmar.cl\/index.php\/wp-json\/wp\/v2\/types\/page"}],"author":[{"embeddable":true,"href":"https:\/\/nuevacapmar.cl\/index.php\/wp-json\/wp\/v2\/users\/2"}],"replies":[{"embeddable":true,"href":"https:\/\/nuevacapmar.cl\/index.php\/wp-json\/wp\/v2\/comments?post=514"}],"version-history":[{"count":10,"href":"https:\/\/nuevacapmar.cl\/index.php\/wp-json\/wp\/v2\/pages\/514\/revisions"}],"predecessor-version":[{"id":538,"href":"https:\/\/nuevacapmar.cl\/index.php\/wp-json\/wp\/v2\/pages\/514\/revisions\/538"}],"wp:attachment":[{"href":"https:\/\/nuevacapmar.cl\/index.php\/wp-json\/wp\/v2\/media?parent=514"}],"curies":[{"name":"wp","href":"https:\/\/api.w.org\/{rel}","templated":true}]}}